{"id":7764,"date":"2022-11-10T11:00:14","date_gmt":"2022-11-10T10:00:14","guid":{"rendered":"https:\/\/miguelsaleslopes.com\/?page_id=7764"},"modified":"2022-11-16T17:16:12","modified_gmt":"2022-11-16T16:16:12","slug":"documentario","status":"publish","type":"page","link":"https:\/\/miguelsaleslopes.com\/index.php\/documentario\/","title":{"rendered":"Document\u00e1rio"},"content":{"rendered":"[vc_row type=&#8221;full_width_background&#8221; full_screen_row_position=&#8221;middle&#8221; column_margin=&#8221;default&#8221; column_direction=&#8221;default&#8221; column_direction_tablet=&#8221;default&#8221; column_direction_phone=&#8221;default&#8221; scene_position=&#8221;center&#8221; text_color=&#8221;dark&#8221; text_align=&#8221;left&#8221; row_border_radius=&#8221;none&#8221; row_border_radius_applies=&#8221;bg&#8221; overflow=&#8221;visible&#8221; overlay_strength=&#8221;0.3&#8243; gradient_direction=&#8221;left_to_right&#8221; shape_divider_position=&#8221;bottom&#8221; bg_image_animation=&#8221;none&#8221; shape_type=&#8221;&#8221;][vc_column column_padding=&#8221;no-extra-padding&#8221; column_padding_tablet=&#8221;inherit&#8221; column_padding_phone=&#8221;inherit&#8221; column_padding_position=&#8221;all&#8221; column_element_direction_desktop=&#8221;default&#8221; column_element_spacing=&#8221;default&#8221; centered_text=&#8221;true&#8221; desktop_text_alignment=&#8221;default&#8221; tablet_text_alignment=&#8221;default&#8221; phone_text_alignment=&#8221;default&#8221; background_color_opacity=&#8221;1&#8243; background_hover_color_opacity=&#8221;1&#8243; column_backdrop_filter=&#8221;none&#8221; column_shadow=&#8221;none&#8221; column_border_radius=&#8221;none&#8221; column_link_target=&#8221;_self&#8221; column_position=&#8221;default&#8221; gradient_direction=&#8221;left_to_right&#8221; overlay_strength=&#8221;0.3&#8243; width=&#8221;1\/1&#8243; tablet_width_inherit=&#8221;default&#8221; animation_type=&#8221;default&#8221; bg_image_animation=&#8221;none&#8221; border_type=&#8221;simple&#8221; column_border_width=&#8221;none&#8221; column_border_style=&#8221;solid&#8221;]\n\n\n\t\t\t\t<div class=\"portfolio-wrap \">\n\n\t\t\t\t\t\n\t\t\t\t\t<span class=\"portfolio-loading  none\">   <\/span>\n\n\t\t\t\t\t\n\t\t\t\t\t<div class=\"row portfolio-items no-masonry   constrain-max-cols\"  data-masonry-type=\"photography\" data-ps=\"7\" data-starting-filter=\"\" data-gutter=\"default\" data-categories-to-show=\"documentario\" data-bypass-cropping=\"\" data-lightbox-only=\"true\" data-col-num=\"elastic\">\n\t\t\t\t\t\t\n\t\t\t\t\t\t\n\t\t\t\t\t\t<div class=\"col elastic-portfolio-item  element realizacao publicidade documentario \"  data-project-cat=\"realizacao publicidade documentario \" data-default-color=\"true\" data-title-color=\"\" data-subtitle-color=\"#ff4629\">\n\n\t\t\t\t\t\t\t<div class=\"inner-wrap animated\" data-animation=\"fade_in_from_bottom\">\n\n\t\t\t\t\t\t\t\t\n\t\t\t\t\t\t\t\t\t<div class=\"work-item style-2\" data-custom-content=\"off\">\n\n\t\t\t\t\t\t\t\t\t\t<img decoding=\"async\" class=\"custom-thumbnail skip-lazy\" src=\"https:\/\/miguelsaleslopes.com\/wp-content\/uploads\/2021\/01\/corp_bordallo_02.jpg\" alt=\"BORDALLO PINHEIRO\" \/>\n\t\t\t\t\t\t\t\t\t\t<div class=\"work-info-bg\"><\/div>\n\t\t\t\t\t\t\t\t\t\t<div class=\"work-info\">\n\n\t\t\t\t\t\t\t\t\t\t\t\n\n\t\t\t\t\t\t\t\t\t\t\t\t<a href=\"https:\/\/www.youtube.com\/watch?v=S2SOgYoTTlQ\" class=\"pretty_photo default-link\" ><\/a>\n\n\t\t\t\t\t\t\t\t\t\t\t<div class=\"vert-center\">\n\t\t\t\t\t\t\t\t\t\t\t\t\t\t\t\t\t\t\t\t\t\t\t\t\t<h3>BORDALLO PINHEIRO<\/h3>\n\t\t\t\t\t\t\t\t\t\t\t\t\t<p>Filme Institucional | Real. Miguel Sales Lopes<\/p>\t\t\t\t\t\t\t\t\t\t\t<\/div><!--\/vert-center-->\n\n\t\t\t\t\t\t\t\t\t\t<\/div>\n\t\t\t\t\t\t\t\t\t<\/div><!--work-item-->\n\n\t\t\t\t\t\t\t\t\n\n\t\t\t\t\t\t\t<\/div><!--\/inner-wrap-->\n\t\t\t\t\t\t<\/div><!--\/col-->\n\n\t\t\t\t\t\n\t\t\t\t\t\t\n\t\t\t\t\t\t<div class=\"col elastic-portfolio-item  element realizacao documentario \"  data-project-cat=\"realizacao documentario \" data-default-color=\"true\" data-title-color=\"\" data-subtitle-color=\"#ff4629\">\n\n\t\t\t\t\t\t\t<div class=\"inner-wrap animated\" data-animation=\"fade_in_from_bottom\">\n\n\t\t\t\t\t\t\t\t\n\t\t\t\t\t\t\t\t\t<div class=\"work-item style-2\" data-custom-content=\"off\">\n\n\t\t\t\t\t\t\t\t\t\t<img decoding=\"async\" class=\"custom-thumbnail skip-lazy\" src=\"https:\/\/miguelsaleslopes.com\/wp-content\/uploads\/2019\/05\/corp_va18_04.jpg\" alt=\"VISTA ALEGRE\" \/>\n\t\t\t\t\t\t\t\t\t\t<div class=\"work-info-bg\"><\/div>\n\t\t\t\t\t\t\t\t\t\t<div class=\"work-info\">\n\n\t\t\t\t\t\t\t\t\t\t\t\n\n\t\t\t\t\t\t\t\t\t\t\t\t<a href=\"https:\/\/www.youtube.com\/watch?v=tLAvmkv1f30\" class=\"pretty_photo default-link\" ><\/a>\n\n\t\t\t\t\t\t\t\t\t\t\t<div class=\"vert-center\">\n\t\t\t\t\t\t\t\t\t\t\t\t\t\t\t\t\t\t\t\t\t\t\t\t\t<h3>VISTA ALEGRE<\/h3>\n\t\t\t\t\t\t\t\t\t\t\t\t\t<p>Filme Institucional | Real. Miguel Sales Lopes<\/p>\t\t\t\t\t\t\t\t\t\t\t<\/div><!--\/vert-center-->\n\n\t\t\t\t\t\t\t\t\t\t<\/div>\n\t\t\t\t\t\t\t\t\t<\/div><!--work-item-->\n\n\t\t\t\t\t\t\t\t\n\n\t\t\t\t\t\t\t<\/div><!--\/inner-wrap-->\n\t\t\t\t\t\t<\/div><!--\/col-->\n\n\t\t\t\t\t\n\t\t\t\t\t\t\n\t\t\t\t\t\t<div class=\"col elastic-portfolio-item  element documentario \"  data-project-cat=\"documentario \" data-default-color=\"true\" data-title-color=\"\" data-subtitle-color=\"#ff4629\">\n\n\t\t\t\t\t\t\t<div class=\"inner-wrap animated\" data-animation=\"fade_in_from_bottom\">\n\n\t\t\t\t\t\t\t\t\n\t\t\t\t\t\t\t\t\t<div class=\"work-item style-2\" data-custom-content=\"off\">\n\n\t\t\t\t\t\t\t\t\t\t<img decoding=\"async\" class=\"custom-thumbnail skip-lazy\" src=\"https:\/\/miguelsaleslopes.com\/wp-content\/uploads\/2019\/05\/doc_mfa_01.jpg\" alt=\"A VOZ E OS OUVIDOS DO MFA\" \/>\n\t\t\t\t\t\t\t\t\t\t<div class=\"work-info-bg\"><\/div>\n\t\t\t\t\t\t\t\t\t\t<div class=\"work-info\">\n\n\t\t\t\t\t\t\t\t\t\t\t\n\n\t\t\t\t\t\t\t\t\t\t\t\t<a href=\"https:\/\/www.youtube.com\/watch?v=w-bJLbjlKY4\" class=\"pretty_photo default-link\" ><\/a>\n\n\t\t\t\t\t\t\t\t\t\t\t<div class=\"vert-center\">\n\t\t\t\t\t\t\t\t\t\t\t\t\t\t\t\t\t\t\t\t\t\t\t\t\t<h3>A VOZ E OS OUVIDOS DO MFA<\/h3>\n\t\t\t\t\t\t\t\t\t\t\t\t\t<p>Real. Ant\u00f3nio-Pedro Vasconcelos e Leandro Ferreira | Prod. Just Up<\/p>\t\t\t\t\t\t\t\t\t\t\t<\/div><!--\/vert-center-->\n\n\t\t\t\t\t\t\t\t\t\t<\/div>\n\t\t\t\t\t\t\t\t\t<\/div><!--work-item-->\n\n\t\t\t\t\t\t\t\t\n\n\t\t\t\t\t\t\t<\/div><!--\/inner-wrap-->\n\t\t\t\t\t\t<\/div><!--\/col-->\n\n\t\t\t\t\t\n\t\t\t\t\t\t\n\t\t\t\t\t\t<div class=\"col elastic-portfolio-item  element documentario \"  data-project-cat=\"documentario \" data-default-color=\"true\" data-title-color=\"\" data-subtitle-color=\"#ff4629\">\n\n\t\t\t\t\t\t\t<div class=\"inner-wrap animated\" data-animation=\"fade_in_from_bottom\">\n\n\t\t\t\t\t\t\t\t\n\t\t\t\t\t\t\t\t\t<div class=\"work-item style-2\" data-custom-content=\"off\">\n\n\t\t\t\t\t\t\t\t\t\t<img decoding=\"async\" class=\"custom-thumbnail skip-lazy\" src=\"https:\/\/miguelsaleslopes.com\/wp-content\/uploads\/2019\/05\/doc_oulman.jpg\" alt=\"COM QUE VOZ\" \/>\n\t\t\t\t\t\t\t\t\t\t<div class=\"work-info-bg\"><\/div>\n\t\t\t\t\t\t\t\t\t\t<div class=\"work-info\">\n\n\t\t\t\t\t\t\t\t\t\t\t\n\n\t\t\t\t\t\t\t\t\t\t\t\t<a href=\"https:\/\/www.youtube.com\/watch?v=hETBp2bYuj0\" class=\"pretty_photo default-link\" ><\/a>\n\n\t\t\t\t\t\t\t\t\t\t\t<div class=\"vert-center\">\n\t\t\t\t\t\t\t\t\t\t\t\t\t\t\t\t\t\t\t\t\t\t\t\t\t<h3>COM QUE VOZ<\/h3>\n\t\t\t\t\t\t\t\t\t\t\t\t\t<p>Real. Nicholas Oulman | Prod. Glimpse<\/p>\t\t\t\t\t\t\t\t\t\t\t<\/div><!--\/vert-center-->\n\n\t\t\t\t\t\t\t\t\t\t<\/div>\n\t\t\t\t\t\t\t\t\t<\/div><!--work-item-->\n\n\t\t\t\t\t\t\t\t\n\n\t\t\t\t\t\t\t<\/div><!--\/inner-wrap-->\n\t\t\t\t\t\t<\/div><!--\/col-->\n\n\t\t\t\t\t\n\t\t\t\t\t\t\n\t\t\t\t\t\t<div class=\"col elastic-portfolio-item  element documentario \"  data-project-cat=\"documentario \" data-default-color=\"true\" data-title-color=\"\" data-subtitle-color=\"#ff4629\">\n\n\t\t\t\t\t\t\t<div class=\"inner-wrap animated\" data-animation=\"fade_in_from_bottom\">\n\n\t\t\t\t\t\t\t\t\n\t\t\t\t\t\t\t\t\t<div class=\"work-item style-2\" data-custom-content=\"off\">\n\n\t\t\t\t\t\t\t\t\t\t<img decoding=\"async\" class=\"custom-thumbnail skip-lazy\" src=\"https:\/\/miguelsaleslopes.com\/wp-content\/uploads\/2019\/05\/doc_saura.jpg\" alt=\"RETRATO DE CARLOS SAURA\" \/>\n\t\t\t\t\t\t\t\t\t\t<div class=\"work-info-bg\"><\/div>\n\t\t\t\t\t\t\t\t\t\t<div class=\"work-info\">\n\n\t\t\t\t\t\t\t\t\t\t\t\n\n\t\t\t\t\t\t\t\t\t\t\t\t<a href=\"https:\/\/www.youtube.com\/watch?v=ThkRiWBqiGE\" class=\"pretty_photo default-link\" ><\/a>\n\n\t\t\t\t\t\t\t\t\t\t\t<div class=\"vert-center\">\n\t\t\t\t\t\t\t\t\t\t\t\t\t\t\t\t\t\t\t\t\t\t\t\t\t<h3>RETRATO DE CARLOS SAURA<\/h3>\n\t\t\t\t\t\t\t\t\t\t\t\t\t<p>Real. Jos\u00e9 Luis L\u00f3pez-Linares | Prod. Zebra Films<\/p>\t\t\t\t\t\t\t\t\t\t\t<\/div><!--\/vert-center-->\n\n\t\t\t\t\t\t\t\t\t\t<\/div>\n\t\t\t\t\t\t\t\t\t<\/div><!--work-item-->\n\n\t\t\t\t\t\t\t\t\n\n\t\t\t\t\t\t\t<\/div><!--\/inner-wrap-->\n\t\t\t\t\t\t<\/div><!--\/col-->\n\n\t\t\t\t\t\n\t\t\t\t\t\t\n\t\t\t\t\t\t<div class=\"col elastic-portfolio-item  element documentario \"  data-project-cat=\"documentario \" data-default-color=\"true\" data-title-color=\"\" data-subtitle-color=\"#ff4629\">\n\n\t\t\t\t\t\t\t<div class=\"inner-wrap animated\" data-animation=\"fade_in_from_bottom\">\n\n\t\t\t\t\t\t\t\t\n\t\t\t\t\t\t\t\t\t<div class=\"work-item style-2\" data-custom-content=\"off\">\n\n\t\t\t\t\t\t\t\t\t\t<img decoding=\"async\" class=\"custom-thumbnail skip-lazy\" src=\"https:\/\/miguelsaleslopes.com\/wp-content\/uploads\/2019\/05\/doc_mirada.jpg\" alt=\"UNA MIRADA FOTOGRAFICA\" \/>\n\t\t\t\t\t\t\t\t\t\t<div class=\"work-info-bg\"><\/div>\n\t\t\t\t\t\t\t\t\t\t<div class=\"work-info\">\n\n\t\t\t\t\t\t\t\t\t\t\t\n\n\t\t\t\t\t\t\t\t\t\t\t\t<a href=\"https:\/\/www.youtube.com\/watch?v=1kf8R4552hw\" class=\"pretty_photo default-link\" ><\/a>\n\n\t\t\t\t\t\t\t\t\t\t\t<div class=\"vert-center\">\n\t\t\t\t\t\t\t\t\t\t\t\t\t\t\t\t\t\t\t\t\t\t\t\t\t<h3>UNA MIRADA FOTOGRAFICA<\/h3>\n\t\t\t\t\t\t\t\t\t\t\t\t\t<p>Real. Jos\u00e9 Luis L\u00f3pez-Linares | Prod. L\u00f3pez-Li Films<\/p>\t\t\t\t\t\t\t\t\t\t\t<\/div><!--\/vert-center-->\n\n\t\t\t\t\t\t\t\t\t\t<\/div>\n\t\t\t\t\t\t\t\t\t<\/div><!--work-item-->\n\n\t\t\t\t\t\t\t\t\n\n\t\t\t\t\t\t\t<\/div><!--\/inner-wrap-->\n\t\t\t\t\t\t<\/div><!--\/col-->\n\n\t\t\t\t\t\n\t\t\t\t<\/div><!--\/portfolio-->\n\t\t\t<\/div><!--\/portfolio wrap-->\n\n\t\t\t[\/vc_column][\/vc_row]\n","protected":false},"excerpt":{"rendered":"<p>[vc_row type=&#8221;full_width_background&#8221; full_screen_row_position=&#8221;middle&#8221; column_margin=&#8221;default&#8221; column_direction=&#8221;default&#8221; column_direction_tablet=&#8221;default&#8221; column_direction_phone=&#8221;default&#8221; scene_position=&#8221;center&#8221; text_color=&#8221;dark&#8221; text_align=&#8221;left&#8221; row_border_radius=&#8221;none&#8221; row_border_radius_applies=&#8221;bg&#8221; overflow=&#8221;visible&#8221; overlay_strength=&#8221;0.3&#8243; gradient_direction=&#8221;left_to_right&#8221;&#8230;<\/p>\n","protected":false},"author":1,"featured_media":0,"parent":0,"menu_order":0,"comment_status":"closed","ping_status":"closed","template":"","meta":{"footnotes":""},"class_list":["post-7764","page","type-page","status-publish"],"_links":{"self":[{"href":"https:\/\/miguelsaleslopes.com\/index.php\/wp-json\/wp\/v2\/pages\/7764","targetHints":{"allow":["GET"]}}],"collection":[{"href":"https:\/\/miguelsaleslopes.com\/index.php\/wp-json\/wp\/v2\/pages"}],"about":[{"href":"https:\/\/miguelsaleslopes.com\/index.php\/wp-json\/wp\/v2\/types\/page"}],"author":[{"embeddable":true,"href":"https:\/\/miguelsaleslopes.com\/index.php\/wp-json\/wp\/v2\/users\/1"}],"replies":[{"embeddable":true,"href":"https:\/\/miguelsaleslopes.com\/index.php\/wp-json\/wp\/v2\/comments?post=7764"}],"version-history":[{"count":2,"href":"https:\/\/miguelsaleslopes.com\/index.php\/wp-json\/wp\/v2\/pages\/7764\/revisions"}],"predecessor-version":[{"id":7909,"href":"https:\/\/miguelsaleslopes.com\/index.php\/wp-json\/wp\/v2\/pages\/7764\/revisions\/7909"}],"wp:attachment":[{"href":"https:\/\/miguelsaleslopes.com\/index.php\/wp-json\/wp\/v2\/media?parent=7764"}],"curies":[{"name":"wp","href":"https:\/\/api.w.org\/{rel}","templated":true}]}}